{"id":12043,"date":"2022-01-13T15:56:46","date_gmt":"2022-01-13T14:56:46","guid":{"rendered":"https:\/\/www.meabb.com\/imprint\/"},"modified":"2022-03-18T12:00:53","modified_gmt":"2022-03-18T11:00:53","slug":"imprint","status":"publish","type":"page","link":"https:\/\/www.meabb.com\/en\/imprint\/","title":{"rendered":"Imprint"},"content":{"rendered":"\t\t<div data-elementor-type=\"wp-page\" data-elementor-id=\"12043\" class=\"elementor elementor-12043 elementor-8604\">\n\t\t\t\t\t\t<section class=\"elementor-section elementor-top-section elementor-element elementor-element-de43569 elementor-section-boxed elementor-section-height-default elementor-section-height-default qodef-gradient-background--no qodef-elementor-content-no\" data-id=\"de43569\" data-element_type=\"section\" data-settings=\"{&quot;tmea_shape_divider_top&quot;:&quot;none&quot;,&quot;tmea_shape_divider_bottom&quot;:&quot;none&quot;}\">\n\t\t\t\t\t\t<div class=\"elementor-container elementor-column-gap-default\">\n\t\t\t\t\t<div class=\"elementor-column elementor-col-33 elementor-top-column elementor-element elementor-element-d809b88 qodef-gradient-background-column--no\" data-id=\"d809b88\" data-element_type=\"column\">\n\t\t\t<div class=\"elementor-widget-wrap\">\n\t\t\t\t\t\t\t<\/div>\n\t\t<\/div>\n\t\t\t\t<div class=\"elementor-column elementor-col-33 elementor-top-column elementor-element elementor-element-041d150 qodef-gradient-background-column--no\" data-id=\"041d150\" data-element_type=\"column\">\n\t\t\t<div class=\"elementor-widget-wrap elementor-element-populated\">\n\t\t\t\t\n\t\t<div class=\"elementor-element elementor-element-5e139a1 elementor-widget elementor-widget-text-editor\" data-id=\"5e139a1\" data-element_type=\"widget\" data-widget_type=\"text-editor.default\">\n\t\t\t\t<div class=\"elementor-widget-container\">\n\t\t\t\t\t\t\t\t\t<p style=\"text-align: center;\"><strong>MEA brand building GmbH<\/strong><br \/><strong>Bleibtreustrasse 38<\/strong><br \/><strong>10623 Berlin<\/strong><\/p><p style=\"text-align: center;\">Telefon: 030 3 999 350<br \/>E-Mail: <a href=\"mailto:mail@meabb.com\">mail@meabb.com<\/a><\/p><p style=\"text-align: center;\">AG Charlottenburg<br \/>HRB 82152<\/p><p style=\"text-align: center;\">Gesch\u00e4ftsf\u00fchrer: Robert Wieser<\/p><p style=\"text-align: center;\">Steuernummer: 29\/438\/31007<br \/>Umsatzsteuer-ID: DE 217865400<\/p>\t\t\t\t\t\t\t\t<\/div>\n\t\t\t\t<\/div>\n\t\t\t\t<div class=\"elementor-element elementor-element-86f2803 elementor-widget elementor-widget-text-editor\" data-id=\"86f2803\" data-element_type=\"widget\" data-widget_type=\"text-editor.default\">\n\t\t\t\t<div class=\"elementor-widget-container\">\n\t\t\t\t\t\t\t\t\t<h4>Haftungsausschluss:<\/h4><p><strong>Haftung f\u00fcr Inhalte<\/strong><br \/>Alle Inhalte unseres Internetauftritts wurden mit gr\u00f6\u00dfter Sorgfalt und nach bestem Gewissen erstellt. F\u00fcr die Richtigkeit, Vollst\u00e4ndigkeit und Aktualit\u00e4t der Inhalte k\u00f6nnen wir jedoch keine Gew\u00e4hr \u00fcbernehmen. Als Diensteanbieter sind wir gem\u00e4\u00df \u00a7 7 Abs.1 TMG f\u00fcr eigene Inhalte auf diesen Seiten nach den allgemeinen Gesetzen verantwortlich. Nach \u00a7\u00a7 8 bis 10 TMG sind wir als Diensteanbieter jedoch nicht verpflichtet, \u00fcbermittelte oder gespeicherte fremde Informationen zu \u00fcberwachen oder nach Umst\u00e4nden zu forschen, die auf eine rechtswidrige T\u00e4tigkeit hinweisen. Verpflichtungen zur Entfernung oder Sperrung der Nutzung von Informationen nach den allgemeinen Gesetzen bleiben hiervon unber\u00fchrt.<\/p><p>Eine diesbez\u00fcgliche Haftung ist jedoch erst ab dem Zeitpunkt der Kenntniserlangung einer konkreten Rechtsverletzung m\u00f6glich. Bei Bekanntwerden von den o.g. Rechtsverletzungen werden wir diese Inhalte unverz\u00fcglich entfernen.<\/p><p><strong>Haftungsbeschr\u00e4nkung f\u00fcr externe Links<\/strong><br \/>Unsere Webseite enth\u00e4lt Links auf externe Webseiten Dritter. Auf die Inhalte dieser direkt oder indirekt verlinkten Webseiten haben wir keinen Einfluss. Daher k\u00f6nnen wir f\u00fcr die \u201eexternen Links\u201c auch keine Gew\u00e4hr auf Richtigkeit der Inhalte \u00fcbernehmen. F\u00fcr die Inhalte der externen Links sind die jeweilige Anbieter oder Betreiber (Urheber) der Seiten verantwortlich.<\/p><p>Die externen Links wurden zum Zeitpunkt der Linksetzung auf eventuelle Rechtsverst\u00f6\u00dfe \u00fcberpr\u00fcft und waren im Zeitpunkt der Linksetzung frei von rechtswidrigen Inhalten. Eine st\u00e4ndige inhaltliche \u00dcberpr\u00fcfung der externen Links ist ohne konkrete Anhaltspunkte einer Rechtsverletzung nicht m\u00f6glich. Bei direkten oder indirekten Verlinkungen auf die Webseiten Dritter, die au\u00dferhalb unseres Verantwortungsbereichs liegen, w\u00fcrde eine Haftungsverpflichtung ausschlie\u00dflich in dem Fall nur bestehen, wenn wir von den Inhalten Kenntnis erlangen und es uns technisch m\u00f6glich und zumutbar w\u00e4re, die Nutzung im Falle rechtswidriger Inhalte zu verhindern.<\/p><p>Diese Haftungsausschlusserkl\u00e4rung gilt auch innerhalb des eigenen Internetauftrittes <a href=\"http:\/\/www.meabb.com\">www.meabb.com<\/a> gesetzten Links und Verweise von Fragestellern, Blogeintr\u00e4gern, G\u00e4sten des Diskussionsforums. F\u00fcr illegale, fehlerhafte oder unvollst\u00e4ndige Inhalte und insbesondere f\u00fcr Sch\u00e4den, die aus der Nutzung oder Nichtnutzung solcherart dargestellten Informationen entstehen, haftet allein der Diensteanbieter der Seite, auf welche verwiesen wurde, nicht derjenige, der \u00fcber Links auf die jeweilige Ver\u00f6ffentlichung lediglich verweist.<\/p><p>Werden uns Rechtsverletzungen bekannt, werden die externen Links durch uns unverz\u00fcglich entfernt.<\/p><p><strong>Urheberrecht<\/strong><br \/>Die auf unserer Webseite ver\u00f6ffentlichen Inhalte und Werke unterliegen dem deutschen Urheberrecht (<a href=\"http:\/\/www.gesetze-im-internet.de\/bundesrecht\/urhg\/gesamt.pdf\" target=\"_blank\" rel=\"noopener\">http:\/\/www.gesetze-im-internet.de\/bundesrecht\/urhg\/gesamt.pdf<\/a>). Die Vervielf\u00e4ltigung, Bearbeitung, Verbreitung und jede Art der Verwertung des geistigen Eigentums in ideeller und materieller Sicht des Urhebers au\u00dferhalb der Grenzen des Urheberrechtes bed\u00fcrfen der vorherigen schriftlichen Zustimmung des jeweiligen Urhebers i.S.d. Urhebergesetzes (<a href=\"http:\/\/www.gesetze-im-internet.de\/bundesrecht\/urhg\/gesamt.pdf\" target=\"_blank\" rel=\"noopener\">http:\/\/www.gesetze-im-internet.de\/bundesrecht\/urhg\/gesamt.pdf<\/a> ). Downloads und Kopien dieser Seite sind nur f\u00fcr den privaten und nicht kommerziellen Gebrauch erlaubt. Sind die Inhalte auf unserer Webseite nicht von uns erstellt wurden, sind die Urheberrechte Dritter zu beachten. Die Inhalte Dritter werden als solche kenntlich gemacht. Sollten Sie trotzdem auf eine Urheberrechtsverletzung aufmerksam werden, bitten wir um einen entsprechenden Hinweis. Bei Bekanntwerden von Rechtsverletzungen werden wir derartige Inhalte unverz\u00fcglich entfernen.<\/p>\t\t\t\t\t\t\t\t<\/div>\n\t\t\t\t<\/div>\n\t\t\t\t\t<\/div>\n\t\t<\/div>\n\t\t\t\t<div class=\"elementor-column elementor-col-33 elementor-top-column elementor-element elementor-element-785af41 elementor-hidden-mobile qodef-gradient-background-column--no\" data-id=\"785af41\" data-element_type=\"column\">\n\t\t\t<div class=\"elementor-widget-wrap\">\n\t\t\t\t\t\t\t<\/div>\n\t\t<\/div>\n\t\t\t\t\t<\/div>\n\t\t<\/section>\n\t\t\t\t<section class=\"elementor-section elementor-top-section elementor-element elementor-element-9d9a9a2 elementor-section-boxed elementor-section-height-default elementor-section-height-default qodef-gradient-background--no qodef-elementor-content-no\" data-id=\"9d9a9a2\" data-element_type=\"section\" data-settings=\"{&quot;background_background&quot;:&quot;classic&quot;,&quot;tmea_shape_divider_top&quot;:&quot;none&quot;,&quot;tmea_shape_divider_bottom&quot;:&quot;none&quot;}\">\n\t\t\t\t\t\t<div class=\"elementor-container elementor-column-gap-default\">\n\t\t\t\t\t<div class=\"elementor-column elementor-col-100 elementor-top-column elementor-element elementor-element-2240989 qodef-gradient-background-column--no\" data-id=\"2240989\" data-element_type=\"column\">\n\t\t\t<div class=\"elementor-widget-wrap elementor-element-populated\">\n\t\t\t\t\t\t<div class=\"elementor-element elementor-element-ab42f82 elementor-widget elementor-widget-tme-smart_menu\" data-id=\"ab42f82\" data-element_type=\"widget\" data-widget_type=\"tme-smart_menu.default\">\n\t\t\t\t<div class=\"elementor-widget-container\">\n\t\t\t\t\t        <div style=\"display:none;\" class=\"tmea-smart-menu-container \" data-animin=\"\" data-animout=\"\" data-collapsiblebehavior=\"link\" data-mainmenusuboffsetx=\"0\" data-mainmenusuboffsety=\"0\" data-submenussuboffsetx=\"0\" data-submenussuboffsety=\"0\" data-submenumin=\"10em\"  data-submenumax=\"20em\" data-rtlsubmenu=\"\" data-mtoggle=\"yes\" data-bpoint=\"1\">\n                    <div class=\"tmea-smart-menu-toggle-container\">\n                <div class=\"tme-smart-menu-toggle\">\n                    <i class=\"fas fa-bars\"><\/i> <span>MENU<\/span>\n                <\/div>\n            <\/div>\n                    <nav id=\"tmea-smart-menu-wrapper-ab42f82\" class=\"tmea-smart-menu-wrapper\"><ul id=\"tmea-smart-menu-ab42f82\" class=\"tmea-smart-menu sm tmea-sm-skin animated sm-horizontal-justified caret \"><li id=\"menu-item-12160\" class=\"menu-item menu-item-type-post_type menu-item-object-page menu-item-12160\"><a href=\"https:\/\/www.meabb.com\/en\/meabb\/\">MEAbb<\/a><\/li>\n<li id=\"menu-item-12161\" class=\"menu-item menu-item-type-post_type menu-item-object-page menu-item-12161\"><a href=\"https:\/\/www.meabb.com\/en\/mea-xtended-reality\/\">MEAxr<\/a><\/li>\n<li id=\"menu-item-12162\" class=\"menu-item menu-item-type-post_type menu-item-object-page menu-item-12162\"><a href=\"https:\/\/www.meabb.com\/en\/mea-sweet-pepper\/\">MEAspp<\/a><\/li>\n<li id=\"menu-item-12163\" class=\"menu-item menu-item-type-post_type menu-item-object-page menu-item-12163\"><a href=\"https:\/\/www.meabb.com\/en\/mea-sp2go\/\">MEA sp2go<\/a><\/li>\n<\/ul><\/nav>        <\/div>\n\t\t\t\t\t<\/div>\n\t\t\t\t<\/div>\n\t\t\t\t\t<\/div>\n\t\t<\/div>\n\t\t\t\t\t<\/div>\n\t\t<\/section>\n\t\t\t\t<section class=\"elementor-section elementor-top-section elementor-element elementor-element-19d16a4 elementor-section-boxed elementor-section-height-default elementor-section-height-default qodef-gradient-background--no qodef-elementor-content-no\" data-id=\"19d16a4\" data-element_type=\"section\" data-settings=\"{&quot;background_background&quot;:&quot;classic&quot;,&quot;tmea_shape_divider_top&quot;:&quot;none&quot;,&quot;tmea_shape_divider_bottom&quot;:&quot;none&quot;}\">\n\t\t\t\t\t\t<div class=\"elementor-container elementor-column-gap-default\">\n\t\t\t\t\t<div class=\"elementor-column elementor-col-100 elementor-top-column elementor-element elementor-element-a6492c5 qodef-gradient-background-column--no\" data-id=\"a6492c5\" data-element_type=\"column\">\n\t\t\t<div class=\"elementor-widget-wrap elementor-element-populated\">\n\t\t\t\t\t\t<div class=\"elementor-element elementor-element-ff124e8 elementor-widget elementor-widget-tme-smart_menu\" data-id=\"ff124e8\" data-element_type=\"widget\" data-widget_type=\"tme-smart_menu.default\">\n\t\t\t\t<div class=\"elementor-widget-container\">\n\t\t\t\t\t        <div style=\"display:none;\" class=\"tmea-smart-menu-container \" data-animin=\"\" data-animout=\"\" data-collapsiblebehavior=\"link\" data-mainmenusuboffsetx=\"0\" data-mainmenusuboffsety=\"0\" data-submenussuboffsetx=\"0\" data-submenussuboffsety=\"0\" data-submenumin=\"10em\"  data-submenumax=\"20em\" data-rtlsubmenu=\"\" data-mtoggle=\"yes\" data-bpoint=\"1\">\n                    <div class=\"tmea-smart-menu-toggle-container\">\n                <div class=\"tme-smart-menu-toggle\">\n                    <i class=\"fas fa-bars\"><\/i> <span>MENU<\/span>\n                <\/div>\n            <\/div>\n                    <nav id=\"tmea-smart-menu-wrapper-ff124e8\" class=\"tmea-smart-menu-wrapper\"><ul id=\"tmea-smart-menu-ff124e8\" class=\"tmea-smart-menu sm tmea-sm-skin animated sm-vertical caret \"><li id=\"menu-item-12166\" class=\"menu-item menu-item-type-post_type menu-item-object-page menu-item-12166\"><a href=\"https:\/\/www.meabb.com\/en\/we-are\/\">We Are<\/a><\/li>\n<li id=\"menu-item-12167\" class=\"menu-item menu-item-type-post_type menu-item-object-page menu-item-12167\"><a href=\"https:\/\/www.meabb.com\/en\/contact\/\">Contact<\/a><\/li>\n<li id=\"menu-item-12153\" class=\"menu-item menu-item-type-post_type menu-item-object-page menu-item-12153\"><a href=\"https:\/\/www.meabb.com\/en\/imprint\/\">Imprint<\/a><\/li>\n<li id=\"menu-item-12506\" class=\"menu-item menu-item-type-post_type menu-item-object-page menu-item-12506\"><a href=\"https:\/\/www.meabb.com\/en\/terms-and-conditions\/\">Terms and Conditions<\/a><\/li>\n<\/ul><\/nav>        <\/div>\n\t\t\t\t\t<\/div>\n\t\t\t\t<\/div>\n\t\t\t\t\t<\/div>\n\t\t<\/div>\n\t\t\t\t\t<\/div>\n\t\t<\/section>\n\t\t\t\t<section class=\"elementor-section elementor-top-section elementor-element elementor-element-a61ac29 elementor-section-boxed elementor-section-height-default elementor-section-height-default qodef-gradient-background--no qodef-elementor-content-no\" data-id=\"a61ac29\" data-element_type=\"section\" data-settings=\"{&quot;tmea_shape_divider_top&quot;:&quot;none&quot;,&quot;tmea_shape_divider_bottom&quot;:&quot;none&quot;}\">\n\t\t\t\t\t\t<div class=\"elementor-container elementor-column-gap-default\">\n\t\t\t\t\t<div class=\"elementor-column elementor-col-25 elementor-top-column elementor-element elementor-element-a83715d qodef-gradient-background-column--no\" data-id=\"a83715d\" data-element_type=\"column\">\n\t\t\t<div class=\"elementor-widget-wrap elementor-element-populated\">\n\t\t\t\t\t\t<div class=\"elementor-element elementor-element-87cf9d1 elementor-widget elementor-widget-text-editor\" data-id=\"87cf9d1\" data-element_type=\"widget\" data-widget_type=\"text-editor.default\">\n\t\t\t\t<div class=\"elementor-widget-container\">\n\t\t\t\t\t\t\t\t\t<p style=\"text-align: center; font-size: 12px;\"><span style=\"color: #000000;\">Copyright \u00a9 2021, MEA brand building GmbH. All rights reserved.<\/span><\/p>\n\t\t\t\t\t\t\t\t<\/div>\n\t\t\t\t<\/div>\n\t\t\t\t\t<\/div>\n\t\t<\/div>\n\t\t\t\t<div class=\"elementor-column elementor-col-50 elementor-top-column elementor-element elementor-element-a285131 qodef-gradient-background-column--no\" data-id=\"a285131\" data-element_type=\"column\">\n\t\t\t<div class=\"elementor-widget-wrap elementor-element-populated\">\n\t\t\t\t\t\t<div class=\"elementor-element elementor-element-7b21deb elementor-widget elementor-widget-image\" data-id=\"7b21deb\" data-element_type=\"widget\" data-widget_type=\"image.default\">\n\t\t\t\t<div class=\"elementor-widget-container\">\n\t\t\t\t\t\t\t\t\t\t\t\t\t\t\t\t<a href=\"https:\/\/www.meabb.com\/\">\n\t\t\t\t\t\t\t<img decoding=\"async\" src=\"https:\/\/www.sp2go.info\/wp-content\/uploads\/2022\/01\/Logo_MEA_blk.svg\" title=\"\" alt=\"\" loading=\"lazy\" \/>\t\t\t\t\t\t\t\t<\/a>\n\t\t\t\t\t\t\t\t\t\t\t\t\t\t\t<\/div>\n\t\t\t\t<\/div>\n\t\t\t\t\t<\/div>\n\t\t<\/div>\n\t\t\t\t<div class=\"elementor-column elementor-col-25 elementor-top-column elementor-element elementor-element-cf900e2 qodef-gradient-background-column--no\" data-id=\"cf900e2\" data-element_type=\"column\">\n\t\t\t<div class=\"elementor-widget-wrap elementor-element-populated\">\n\t\t\t\t\t\t<div class=\"elementor-element elementor-element-e701d8a elementor-widget elementor-widget-text-editor\" data-id=\"e701d8a\" data-element_type=\"widget\" data-widget_type=\"text-editor.default\">\n\t\t\t\t<div class=\"elementor-widget-container\">\n\t\t\t\t\t\t\t\t\t<p style=\"text-align: center; font-size: 12px;\"><span style=\"color: #000000;\">Bleibtreustra\u00dfe 38, 10623 Berlin, +49 (30) 3 999 35 -0<\/span><\/p>\n\t\t\t\t\t\t\t\t<\/div>\n\t\t\t\t<\/div>\n\t\t\t\t\t<\/div>\n\t\t<\/div>\n\t\t\t\t\t<\/div>\n\t\t<\/section>\n\t\t\t\t<\/div>\n\t\t","protected":false},"excerpt":{"rendered":"<p>MEA brand building GmbHBleibtreustrasse 3810623 Berlin Telefon: 030 3 999 350E-Mail: mail@meabb.com AG CharlottenburgHRB 82152 Gesch\u00e4ftsf\u00fchrer: Robert Wieser Steuernummer: 29\/438\/31007Umsatzsteuer-ID: DE 217865400 Haftungsausschluss: Haftung f\u00fcr InhalteAlle Inhalte unseres Internetauftritts wurden mit gr\u00f6\u00dfter Sorgfalt und nach bestem Gewissen erstellt. F\u00fcr die Richtigkeit, Vollst\u00e4ndigkeit und Aktualit\u00e4t der Inhalte k\u00f6nnen wir jedoch keine Gew\u00e4hr \u00fcbernehmen. Als Diensteanbieter sind [&hellip;]<\/p>\n","protected":false},"author":1,"featured_media":0,"parent":0,"menu_order":0,"comment_status":"closed","ping_status":"closed","template":"page-full-width.php","meta":{"footnotes":""},"class_list":["post-12043","page","type-page","status-publish","hentry"],"_links":{"self":[{"href":"https:\/\/www.meabb.com\/en\/wp-json\/wp\/v2\/pages\/12043","targetHints":{"allow":["GET"]}}],"collection":[{"href":"https:\/\/www.meabb.com\/en\/wp-json\/wp\/v2\/pages"}],"about":[{"href":"https:\/\/www.meabb.com\/en\/wp-json\/wp\/v2\/types\/page"}],"author":[{"embeddable":true,"href":"https:\/\/www.meabb.com\/en\/wp-json\/wp\/v2\/users\/1"}],"replies":[{"embeddable":true,"href":"https:\/\/www.meabb.com\/en\/wp-json\/wp\/v2\/comments?post=12043"}],"version-history":[{"count":6,"href":"https:\/\/www.meabb.com\/en\/wp-json\/wp\/v2\/pages\/12043\/revisions"}],"predecessor-version":[{"id":12409,"href":"https:\/\/www.meabb.com\/en\/wp-json\/wp\/v2\/pages\/12043\/revisions\/12409"}],"wp:attachment":[{"href":"https:\/\/www.meabb.com\/en\/wp-json\/wp\/v2\/media?parent=12043"}],"curies":[{"name":"wp","href":"https:\/\/api.w.org\/{rel}","templated":true}]}}